{"id":621,"date":"2024-09-27T09:31:46","date_gmt":"2024-09-27T07:31:46","guid":{"rendered":"https:\/\/www.bluesunapartments.it\/?page_id=621"},"modified":"2024-10-03T08:34:50","modified_gmt":"2024-10-03T06:34:50","slug":"intorno-a-noi","status":"publish","type":"page","link":"https:\/\/www.bluesunapartments.it\/?page_id=621","title":{"rendered":"Intorno a Noi"},"content":{"rendered":"<p><img loading=\"lazy\" decoding=\"async\" width=\"950\" height=\"634\" src=\"https:\/\/www.bluesunapartments.it\/wp-content\/uploads\/2024\/10\/pexels-ivan-samkov-9630194-1024x683.jpg\" alt=\"\" srcset=\"https:\/\/www.bluesunapartments.it\/wp-content\/uploads\/2024\/10\/pexels-ivan-samkov-9630194-1024x683.jpg 1024w, https:\/\/www.bluesunapartments.it\/wp-content\/uploads\/2024\/10\/pexels-ivan-samkov-9630194-300x200.jpg 300w, https:\/\/www.bluesunapartments.it\/wp-content\/uploads\/2024\/10\/pexels-ivan-samkov-9630194-2000x1334.jpg 2000w, https:\/\/www.bluesunapartments.it\/wp-content\/uploads\/2024\/10\/pexels-ivan-samkov-9630194-scaled-1536x1024.jpg 1536w, https:\/\/www.bluesunapartments.it\/wp-content\/uploads\/2024\/10\/pexels-ivan-samkov-9630194-scaled-2048x1366.jpg 2048w\" sizes=\"100vw\" \/>\t\t\t\t\t\t\t\t\t\t\t\t\t<\/p>\n<h2>Bluesun Apartments \u00e8 situato in una zona strategica per chi vuol visitare il Salento, dando la possibilit\u00e0 ai<br \/>\nviaggiatori di toccare ogni giorno una tappa diversa.<\/h2>\n<p>Il percorso pu\u00f2 iniziare dalla vicina Taranto, capoluogo della provincia ionica, ricca di storia e arte visibili <br \/>per strada o nei musei (MarTa e MuDi), con testimonianze che vanno dalla Magna Grecia all&#8217;et\u00e0 <br \/>Borbonica. Di grande interesse \u00e8 anche la Citt\u00e0 Vecchia, raggiungibile attraverso il Ponte girevole San <br \/>Francesco di Paola, che sovrasta e divide il Mar Grande dal Mar Piccolo. Passeggiando sul ponte, gli <br \/>occhi si riempiranno alla vista del Castello Aragonese, che svettante accompagna i turisti fino all&#8217;imbocco <br \/>di via Duomo, strada principale della Citt\u00e0 Vecchia. Lungo il cammino si paleser\u00e0 la maestosit\u00e0 della <br \/>Cattedrale di San Cataldo, mentre scendendo e salendo per gli stretti e caratteristici vicoli, sar\u00e0 facile <br \/>imbattersi negli ipogei, un vero e proprio viaggio archeologico alla scoperta delle origini della citt\u00e0.Infine <br \/>per chi ama le uscite in mare, \u00e8 possibile prenotare un&#8217;escursione con Jonian Dolphin Conservation, <br \/>un&#8217;occasione unica per guardare da vicino i delfini a largo del Mar Grande. <br \/>Spostandosi dal mare \u00e8 possibile addentrarsi nella zona collinare e godere del verde e della ruralit\u00e0 <br \/>tipiche di Crispiano, famosa per le sue 100 masserie, molte di queste visitabili e simbolo di eccellenza <br \/>mondiale. Dopo Crispiano si pu\u00f2 scegliere se deviare per Grottaglie, famosa per il quartiere delle <br \/>ceramiche, oppure proseguire per Martina Franca, cittadina racchiudente la bellissima Valle d&#8217;Itria e <br \/>caratterizzata dal bianchissimo centro storico. Esplorando la Valle d&#8217;Itria, una zona verde ricchissima di <br \/>Macchia Mediterranea e famosa per i Trulli, si arriva presto alla bellissima Locorotondo ea Cisternino. <br \/>Dopo queste, Fasano, sede del famoso Zoo Safari. Proseguendo lungo le strade segnate dagli irregolari <br \/>muretti a secco e dagli ulivi secolari, si giunge ad Alberobello, citt\u00e0 dei Trulli e patrimonio dell&#8217;UNESCO. Per <br \/>chi ha voglia di spingersi oltre il territorio pugliese, la Basilicata \u00e8 dietro l&#8217;angolo. A un&#8217;ora e mezza di <br \/>distanza c&#8217;\u00e8 Matera, eletta Capitale Europea della Cultura e caratterizzata da un paesaggio urbano e <br \/>naturale che lascia senza fiato. Per gli amanti del mare il percorso si dirama dalla parte opposta, sulla <br \/>Litoranea Salentina. La prima spiaggia libera \u00e8 raggiungibile a piedi in 10 minuti, mentre la prima <br \/>spiaggia del litorale dista a soli 5 minuti d&#8217;auto dall&#8217;hotel. Guidando ancora \u00e8 possibile imbattersi nelle <br \/>splendide acque di Marina di Pulsano e Marina di Lizzano, proseguendo fino a Campomarino, meta <br \/>turistica gettonatissima per i suoi stabilimenti e le acque cristalline.<\/p>\n<p>\t\t\t\t\t\t\t\t\t\t\t\t\t<img loading=\"lazy\" decoding=\"async\" width=\"950\" height=\"82\" src=\"https:\/\/www.bluesunapartments.it\/wp-content\/uploads\/2024\/09\/separatore.png\" alt=\"\" srcset=\"https:\/\/www.bluesunapartments.it\/wp-content\/uploads\/2024\/09\/separatore.png 975w, https:\/\/www.bluesunapartments.it\/wp-content\/uploads\/2024\/09\/separatore-300x26.png 300w\" sizes=\"100vw\" \/><br \/>\n\t\t\t\t\t\t\t\t\t\t\t\t\t<img loading=\"lazy\" decoding=\"async\" width=\"620\" height=\"1024\" src=\"https:\/\/www.bluesunapartments.it\/wp-content\/uploads\/2024\/10\/pexels-jenya-sj-356973616-14305753-620x1024.jpg\" alt=\"\" srcset=\"https:\/\/www.bluesunapartments.it\/wp-content\/uploads\/2024\/10\/pexels-jenya-sj-356973616-14305753-620x1024.jpg 620w, https:\/\/www.bluesunapartments.it\/wp-content\/uploads\/2024\/10\/pexels-jenya-sj-356973616-14305753-182x300.jpg 182w, https:\/\/www.bluesunapartments.it\/wp-content\/uploads\/2024\/10\/pexels-jenya-sj-356973616-14305753-2000x3301.jpg 2000w, https:\/\/www.bluesunapartments.it\/wp-content\/uploads\/2024\/10\/pexels-jenya-sj-356973616-14305753-scaled-931x1536.jpg 931w, https:\/\/www.bluesunapartments.it\/wp-content\/uploads\/2024\/10\/pexels-jenya-sj-356973616-14305753-scaled-1241x2048.jpg 1241w, https:\/\/www.bluesunapartments.it\/wp-content\/uploads\/2024\/10\/pexels-jenya-sj-356973616-14305753-scaled.jpg 1551w\" sizes=\"100vw\" \/>\t\t\t\t\t\t\t\t\t\t\t\t\t<\/p>\n<h2>taranto 8 km<br \/>\nSe intendete visitare la provincia ionica, non potete non visitare il capoluogo: Taranto, celebre per la sua<br \/>\nricchezza ed il suo fasto in quella Magna Grecia che rinnov\u00f2 sulle sponde dello Ionio la splendida civilt\u00e0<br \/>\ngreca. La \u201cCitt\u00e0 dei due Mari\u201d \u00e8 ancora oggi per gli studiosi ed i cultori della storia e dell\u2019arte, una citt\u00e0<br \/>\npiena di fascino. Incastonata lungo l\u2019omonimo golfo che si affaccia sullo Ionio, la citt\u00e0 \u00e8 lambita dal Mar<br \/>\nGrande e dal Mar Piccolo e si estende ad una altitudine di circa 15 metri s.l.m.; a sancire lo sposalizio tra<br \/>\nterra e mare \u00e8 anche la forma particolare dell\u2019area che si divide in tre penisole naturali e un\u2019isola<br \/>\nartificiale. Il Mar Grande \u00e8 quello che costeggia il litorale esterno, mentre il Mar Piccolo \u00e8 considerato il<br \/>\nvasto bacino interno. Il Mar Piccolo \u00e8 separato dal Mar Grande da due penisole orientate verso un\u2019isola<br \/>\nche costituisce il nucleo originale della citt\u00e0; il tutto \u00e8 collegato grazie a due ponti: il Ponte di Porta Napoli<br \/>\ne il Ponte Girevole.<\/h2>\n<p>Quest&#8217;ultimo costituisce uno dei monumenti pi\u00f9 significativi della citt\u00e0 e college l&#8217;isola artificiale del Borgo.<br \/>Antico con la penisola del Borgo Nuovo: aperto nel 1887 ad opera dell&#8217;Ammiraglio Ferdinando Acton, il\u00a0passaggio consente di scavalcare un canale navigabile lungo 400 metri che unisce i due mari della citt\u00e0.<\/p>\n<p>Proprio all&#8217;entrata del canale navigabile \u00e8 situato l&#8217;altro simbolo della citt\u00e0: \u201cil Castello Aragonese\u201d detto <br \/>anche Castel Sant&#8217;Angelo, con il suo affaccio sul mare \u00e8 una splendida costruzione progettata <br \/>dall&#8217;architetto senese Francesco di Giorgio Martini su commissione di Ferdinando d&#8217;Aragona verso la fine <br \/>del xv secolo. Il progetto del Re di Napoli era quello di costruire un castello di difesa e f\u00f9 edificato sulle<\/p>\n<p>basi di una struttura normanno-sveva-angioina realizzata dai normanni per la difesa della citt\u00e0 anche se il <br \/>nucleo originario del castello si deve far risalire ai Bizantini, che edificarono una rocca per proteggersi dai\u00a0Saraceni.<\/p>\n<p>Non da meno \u00e8 la \u201cFortezza di Laclos\u201d struttura fortificata creata per volere di Napoleone, alla fine del <br \/>XVIII secolo su una delle due Isole Cheradi che fronteggiano la citt\u00e0 a volere garantire la sicurezza della <br \/>citt\u00e0, deciso a fare di Taranto uno dei suoi avanposti sul Mediterraneo. <br \/>Chi visita Taranto, inoltre, non pu\u00f2 farsi sfuggire la \u201cLa Cattedrale di San Cataldo\u201d e il \u201cDuomo di San <br \/>Domenico\u201d nel Borgo Antico e la \u201cConcattedrale\u201d (chiesa costruita su progetto del famoso architetto Gi\u00f2 <br \/>Ponti) e tante altre chiese disseminate nel centro di Taranto che testimoniano la profonda devozione dei <br \/>fedeli nel corso dei secoli, cos\u00ec come le tradizionali feste religiose. Tra le manifestazioni pi\u00f9 sentite dalla <br \/>cittadinanza, in effetti, ci sono \u201cI Riti della Settimana Santa\u201d, che a partire dalla Domenica delle Palme <br \/>attirano tanti visitatori da tutto il mondo; culminanti nelle due processioni dell&#8217;Addolorata(Gioved\u00ec Santo) <br \/>e dei Misteri(Venerd\u00ec Santo) allorch\u00e8 I confratelli delle Congreghe dell&#8217;Addolorata e del Carmine sfilano <br \/>per tutta la notte a passo lentissimo, nelle vie cittadine recando sulle spalle splendide e pesanti statue di\u00a0cartapesta .<\/p>\n<p>Ma il punto di partenza per una visita della capitale della Magna Grecia non pu\u00f2 che essere \u201cIl Museo<\/p>\n<p>Archeologico Nazionale\u201d(M.AR.TA), uno dei pi\u00f9 importanti d&#8217;Europa in cui sono conservati vasi e reperti <br \/>che ricordano lo splendore della citt\u00e0 durante il periodo della Magna Grecia; notevoli sono alcune sale <br \/>ricche di vasi, terracotta e maschere di eccezionale bellezza e singolarit\u00e0, nonce la famosa \u201cSala degli <br \/>Ori\u201d in cui si possono ammirare diademi a lamine d&#8217;oro, collanine, anelli, bracciali,orecchini.<\/p>\n<p>Inoltre numerose sono le necropoli visitabili in citt\u00e0 tra cui la pi\u00f9 importante \u201cla Tomba degli Atleti\u201d. Altra <br \/>presenza dell&#8217;antica civilt\u00e0 sono \u201cLe colonne Doriche\u201d residuo di un Tempio Greco di et\u00e0 arcaica visibile in <br \/>Piazza Castello.<\/p>\n<p>Oltre alla sua storia Taranto \u00e8 anche da visitare per il suo splendido mare con le sue spiagge e le sue <br \/>calette che partendo da Taranto si estendono lungo tutto l&#8217;arco ionico sino a collegarsi alla parte <br \/>meridionale del salento e giungere sino alla punta estrema di SM di Leuca.<\/p>\n<p>Infine non v\u00e0 dimenticato l&#8217;aspetto culinario; infatti per chi ama la buona cucina tarantina \u00e8 davvero il <br \/>posto ideale, infatti per la sua posizione tra terra e mare \u00e8 ricca di prodotti che provengono da entrambi i <br \/>luoghi e che spesso rappresentano l&#8217;eccellenza nel proprio campo; vedasi per esempio: la cozza <br \/>tarantina, l&#8217;olio extravergine, il vino primitivo e tanto altro ancora.<\/p>\n<p>Quindi in definitiva a Taranto i turisti trovano la risposta a molteplici desideri: che si voglia trascorrere <br \/>un&#8217;appassionata vacanza al mare o si desideri visitare testimonianze storiche di grande pregio; che ci <br \/>si voglia abbandonare al divertimento puro o ci si voglia viziare con qualche peccato di gola, questa citt\u00e0 <br \/>\u00e8 un mondo solare ed accogliente, in cui si intrecciano storie che fanno innamorare<\/p>\n<p>\t\t\t\t\t\t\t\t\t\t\t\t\t<img loading=\"lazy\" decoding=\"async\" width=\"950\" height=\"82\" src=\"https:\/\/www.bluesunapartments.it\/wp-content\/uploads\/2024\/09\/separatore.png\" alt=\"\" srcset=\"https:\/\/www.bluesunapartments.it\/wp-content\/uploads\/2024\/09\/separatore.png 975w, https:\/\/www.bluesunapartments.it\/wp-content\/uploads\/2024\/09\/separatore-300x26.png 300w\" sizes=\"100vw\" \/><br \/>\n\t\t\t\t\t\t\t\t\t\t\t\t\t<img loading=\"lazy\" decoding=\"async\" width=\"950\" height=\"634\" src=\"https:\/\/www.bluesunapartments.it\/wp-content\/uploads\/2024\/10\/pexels-vito-giaccari-26039644-6811324-1024x683.jpg\" alt=\"\" srcset=\"https:\/\/www.bluesunapartments.it\/wp-content\/uploads\/2024\/10\/pexels-vito-giaccari-26039644-6811324-1024x683.jpg 1024w, https:\/\/www.bluesunapartments.it\/wp-content\/uploads\/2024\/10\/pexels-vito-giaccari-26039644-6811324-300x200.jpg 300w, https:\/\/www.bluesunapartments.it\/wp-content\/uploads\/2024\/10\/pexels-vito-giaccari-26039644-6811324-2000x1333.jpg 2000w, https:\/\/www.bluesunapartments.it\/wp-content\/uploads\/2024\/10\/pexels-vito-giaccari-26039644-6811324-scaled-1536x1024.jpg 1536w, https:\/\/www.bluesunapartments.it\/wp-content\/uploads\/2024\/10\/pexels-vito-giaccari-26039644-6811324-scaled-2048x1365.jpg 2048w\" sizes=\"100vw\" \/>\t\t\t\t\t\t\t\t\t\t\t\t\t<\/p>\n<p>&nbsp;Pulsano \u00e8 una cittadina balneare situata su un bellissimo tratto di costa frastagliata, ricca di piccolo baie <br \/>dalle acque limpide e dalla sabbia fine. E&#8217; dunque una citt\u00e0 a vocazione turistica che durante la stagione <br \/>estiva si riempie di turisti e visitatori. Fra I luoghi e I monumenti di interesse vi sono il Castello De <br \/>Falconibus, la Torre castelluccia, retaggio delle minacce saracene e del complesso di torri di difesa sorte <br \/>nell&#8217;arco ionico in quel periodo, la chiesa di Santa Maria la Nova, che ospita una riproduzione della grotta <br \/>di Lourdes, e il Mulino Scoppetta, monumento nazionale <br \/>marina di lizzano 20 km<\/p>\n<p>\t\t\t\t\t\t\t\t\t\t\t\t\t<img loading=\"lazy\" decoding=\"async\" width=\"718\" height=\"1024\" src=\"https:\/\/www.bluesunapartments.it\/wp-content\/uploads\/2024\/10\/pexels-ogy-kovachev-1777894-18390849-718x1024.jpg\" alt=\"\" srcset=\"https:\/\/www.bluesunapartments.it\/wp-content\/uploads\/2024\/10\/pexels-ogy-kovachev-1777894-18390849-718x1024.jpg 718w, https:\/\/www.bluesunapartments.it\/wp-content\/uploads\/2024\/10\/pexels-ogy-kovachev-1777894-18390849-210x300.jpg 210w, https:\/\/www.bluesunapartments.it\/wp-content\/uploads\/2024\/10\/pexels-ogy-kovachev-1777894-18390849-2000x2854.jpg 2000w, https:\/\/www.bluesunapartments.it\/wp-content\/uploads\/2024\/10\/pexels-ogy-kovachev-1777894-18390849-scaled-1076x1536.jpg 1076w, https:\/\/www.bluesunapartments.it\/wp-content\/uploads\/2024\/10\/pexels-ogy-kovachev-1777894-18390849-scaled-1435x2048.jpg 1435w, https:\/\/www.bluesunapartments.it\/wp-content\/uploads\/2024\/10\/pexels-ogy-kovachev-1777894-18390849-scaled.jpg 1794w\" sizes=\"100vw\" \/>\t\t\t\t\t\t\t\t\t\t\t\t\t<\/p>\n<p>La marina di Lizzano presenta vaste spiagge e arenili, in gran parte libere, altre attrezzate. Il colore della <br \/>sabbia \u00e8 molto chiaro, motivo per il quale il mare, soprattutto nelle giornate di tramontana, assume <br \/>colorazioni e sfumature simili a quelle caraibiche o maldiviane. I vasti arenili sono alternati a scogliere <br \/>medio-basse e tavolati. A ridosso della strada Litoranea salentina \u00e8 presente un vasto sistema dunale, <br \/>spesso imponente, con rigogliosa macchia mediterranea e flora di tipo protetto come il Ginepro <br \/>coccolone. A sua volta il sistema dunale \u00e8 interrotto in molti punti da piccole paludi e vaste pinete di Pino <br \/>Mediterraneo e Leccio. A completare il sistema ambientale, vi \u00e8 la presenza di due corsi d&#8217;acqua: il fiume <br \/>Ost\u00f2ne, lungo circa 13 km, lungo il quale insiste una folta vegetazione palustre evi \u00e8 la presenza di fauna <br \/>marina e soprattutto di uccelli migratori; l&#8217;altro corso d&#8217;acqua, artificiale, \u00e8 il canale Mascia, che sfocia <br \/>sulla spiaggia di Lido Bagnara.<\/p>\n","protected":false},"excerpt":{"rendered":"<p>Bluesun Apartments \u00e8 situato in una zona strategica per chi vuol visitare il Salento, dando la possibilit\u00e0 ai viaggiatori di toccare ogni giorno una tappa diversa. Il percorso pu\u00f2 iniziare dalla vicina Taranto, capoluogo della provincia ionica, ricca di storia e arte visibili per strada o nei musei (MarTa e MuDi), con testimonianze che vanno &hellip; <\/p>\n<p class=\"link-more\"><a href=\"https:\/\/www.bluesunapartments.it\/?page_id=621\" class=\"more-link\">Read more<span class=\"screen-reader-text\"> &#8220;Intorno a Noi&#8221;<\/span><\/a><\/p>\n","protected":false},"author":1,"featured_media":0,"parent":0,"menu_order":0,"comment_status":"closed","ping_status":"closed","template":"","meta":{"footnotes":""},"class_list":["post-621","page","type-page","status-publish","hentry"],"_links":{"self":[{"href":"https:\/\/www.bluesunapartments.it\/index.php?rest_route=\/wp\/v2\/pages\/621"}],"collection":[{"href":"https:\/\/www.bluesunapartments.it\/index.php?rest_route=\/wp\/v2\/pages"}],"about":[{"href":"https:\/\/www.bluesunapartments.it\/index.php?rest_route=\/wp\/v2\/types\/page"}],"author":[{"embeddable":true,"href":"https:\/\/www.bluesunapartments.it\/index.php?rest_route=\/wp\/v2\/users\/1"}],"replies":[{"embeddable":true,"href":"https:\/\/www.bluesunapartments.it\/index.php?rest_route=%2Fwp%2Fv2%2Fcomments&post=621"}],"version-history":[{"count":34,"href":"https:\/\/www.bluesunapartments.it\/index.php?rest_route=\/wp\/v2\/pages\/621\/revisions"}],"predecessor-version":[{"id":1333,"href":"https:\/\/www.bluesunapartments.it\/index.php?rest_route=\/wp\/v2\/pages\/621\/revisions\/1333"}],"wp:attachment":[{"href":"https:\/\/www.bluesunapartments.it\/index.php?rest_route=%2Fwp%2Fv2%2Fmedia&parent=621"}],"curies":[{"name":"wp","href":"https:\/\/api.w.org\/{rel}","templated":true}]}}